{"id":4256,"date":"2023-04-06T20:44:27","date_gmt":"2023-04-07T02:44:27","guid":{"rendered":"https:\/\/gunnisonmentors.com\/?page_id=4256"},"modified":"2026-02-05T12:07:55","modified_gmt":"2026-02-05T19:07:55","slug":"mentoring-programs","status":"publish","type":"page","link":"https:\/\/gunnisonmentors.com\/es\/mentoring-programs\/","title":{"rendered":"Programas de Mentor\u00eda"},"content":{"rendered":"<div class=\"wpb-content-wrapper\"><div id=\"mentor-programs\" data-vc-full-width=\"true\" data-vc-full-width-init=\"false\" class=\"vc_row wpb_row vc_row-fluid vc_custom_1770318445080 inner-container overlay-light row-of-columns vc_row-has-fill vc_row-o-full-height vc_row-o-columns-middle vc_row-o-equal-height vc_row-o-content-middle vc_row-flex\"><div class=\"container\"><div class=\"wpb_column vc_column_container vc_col-sm-12 vc_col-lg-offset-2 vc_col-lg-8 wow animated fadeInDown\"><div class=\"vc_column-inner vc_custom_1744667764949\"><div class=\"wpb_wrapper\"><div class=\"klb-title\" style=\"text-align:center\"><h1 style=\"color:#ffffff\">Programas de Mentor\u00eda<\/h1><div class=\"accent-rule-short\" style=\"border-top:1px solid rgba(0,0,0,0.2) !important;\"><\/div><h2 style=\"color:#ffffff\"><\/h2><\/div><div class=\"vc_row wpb_row vc_inner vc_row-fluid vc_custom_1680830684961 vc_row-o-content-middle vc_row-flex\"><div class=\"wpb_column vc_column_container vc_col-sm-6\"><div class=\"vc_column-inner\"><div class=\"wpb_wrapper\"><div class=\"vc_btn3-container vc_btn3-center vc_do_btn\" ><a class=\"vc_general vc_btn3 vc_btn3-size-lg vc_btn3-shape-rounded vc_btn3-style-modern vc_btn3-icon-left vc_btn3-color-black\" href=\"https:\/\/www.surveygizmo.com\/s3\/6186432\/Mentee-Referral\" title=\"Formulario de referencia\" target=\"_blank\"><i class=\"vc_btn3-icon fas fa-child\"><\/i> RECOMIENDA A LOS J\u00d3VENES AQU\u00cd<\/a><\/div><\/div><\/div><\/div><div class=\"wpb_column vc_column_container vc_col-sm-6\"><div class=\"vc_column-inner\"><div class=\"wpb_wrapper\"><div class=\"vc_btn3-container vc_btn3-center vc_do_btn\" ><a class=\"vc_general vc_btn3 vc_btn3-size-lg vc_btn3-shape-rounded vc_btn3-style-modern vc_btn3-icon-left vc_btn3-color-black\" href=\"https:\/\/www.surveygizmo.com\/s3\/6186188\/Mentor-Application\" title=\"Formulario de aplicaci\u00f3n\" target=\"_blank\"><i class=\"vc_btn3-icon fas fa-hands-helping\"><\/i> VOLUNTARIO AQU\u00cd<\/a><\/div><\/div><\/div><\/div><\/div><\/div><\/div><\/div><\/div><\/div><div class=\"vc_row-full-width vc_clearfix\"><\/div><div id=\"programs\" data-vc-full-width=\"true\" data-vc-full-width-init=\"false\" data-vc-stretch-content=\"true\" class=\"vc_row wpb_row vc_row-fluid vc_custom_1744666725079 vc_column-gap-10 vc_row-o-equal-height vc_row-o-content-bottom vc_row-flex\"><div class=\"program-des wpb_column vc_column_container vc_col-sm-6 vc_col-has-fill\"><div class=\"vc_column-inner vc_custom_1688408589370\"><div class=\"wpb_wrapper\">\n\t<div class=\"wpb_text_column wpb_content_element vc_custom_1693850107721\" >\n\t\t<div class=\"wpb_wrapper\">\n\t\t\t<h2 style=\"text-align: center;\"><strong>Programas comunitarios<\/strong><\/h2>\n\n\t\t<\/div>\n\t<\/div>\n\n\t<div class=\"wpb_text_column wpb_content_element vc_custom_1744666820066\" >\n\t\t<div class=\"wpb_wrapper\">\n\t\t\t<p style=\"text-align: center;\">\u00a1Construyendo v\u00ednculos a trav\u00e9s de la diversi\u00f3n y el apoyo!<\/p>\n<p>En nuestro programa de Mentores Basados en la Comunidad, los j\u00f3venes referidos se emparejan con voluntarios capacitados de nuestra comunidad que sirven como Mentores. La atenci\u00f3n se centra en el desarrollo de relaciones s\u00f3lidas y de apoyo a trav\u00e9s de actividades divertidas.<\/p>\n<p>Ofrecemos actividades grupales mensuales gratuitas donde los mentores y los j\u00f3venes se unen para pasar un buen rato. Adem\u00e1s, ofrecemos programas de enriquecimiento para grupos peque\u00f1os en nuestro centro de mentores de la escuela 8th St.<\/p>\n<p>Las posibilidades son infinitas cuando se trata de elegir actividades. Desde aventuras al aire libre hasta probar nuevos pasatiempos, nuestro objetivo es crear experiencias positivas que fomenten las conexiones y generen confianza.<\/p>\n<p>Join us in our Community-Based Mentoring program and make a lasting impact through fun-filled activities.<\/p>\n\n\t\t<\/div>\n\t<\/div>\n<div class=\"vc_tta-container\" data-vc-action=\"collapseAll\"><div class=\"vc_general vc_tta vc_tta-accordion vc_tta-color-grey vc_tta-style-modern vc_tta-shape-rounded vc_tta-o-shape-group vc_tta-gap-15 vc_tta-controls-align-center vc_tta-o-all-clickable\"><div class=\"vc_tta-panels-container\"><div class=\"vc_tta-panels\"><div class=\"vc_tta-panel\" id=\"1680812660542-fd27051f-6223\" data-vc-content=\".vc_tta-panel-body\"><div class=\"vc_tta-panel-heading\"><p class=\"vc_tta-panel-title\"><a href=\"#1680812660542-fd27051f-6223\" data-vc-accordion data-vc-container=\".vc_tta-container\"><i class=\"vc_tta-icon fas fa-info-circle\"><\/i><span class=\"vc_tta-title-text\">Click for More Information<\/span><\/a><\/p><\/div><div class=\"vc_tta-panel-body\">\n\t<div  class=\"wpb_single_image wpb_content_element vc_align_center wpb_content_element\">\n\t\t\n\t\t<figure class=\"wpb_wrapper vc_figure\">\n\t\t\t<div class=\"vc_single_image-wrapper   vc_box_border_grey\"><img loading=\"lazy\" decoding=\"async\" width=\"800\" height=\"2000\" src=\"https:\/\/i0.wp.com\/gunnisonmentors.com\/wp-content\/uploads\/2023\/10\/1.png?fit=800%2C2000&amp;ssl=1\" class=\"vc_single_image-img attachment-full\" alt=\"\" title=\"1\" srcset=\"https:\/\/i0.wp.com\/gunnisonmentors.com\/wp-content\/uploads\/2023\/10\/1.png?w=800&amp;ssl=1 800w, https:\/\/i0.wp.com\/gunnisonmentors.com\/wp-content\/uploads\/2023\/10\/1.png?resize=120%2C300&amp;ssl=1 120w, https:\/\/i0.wp.com\/gunnisonmentors.com\/wp-content\/uploads\/2023\/10\/1.png?resize=410%2C1024&amp;ssl=1 410w, https:\/\/i0.wp.com\/gunnisonmentors.com\/wp-content\/uploads\/2023\/10\/1.png?resize=768%2C1920&amp;ssl=1 768w, https:\/\/i0.wp.com\/gunnisonmentors.com\/wp-content\/uploads\/2023\/10\/1.png?resize=614%2C1536&amp;ssl=1 614w, https:\/\/i0.wp.com\/gunnisonmentors.com\/wp-content\/uploads\/2023\/10\/1.png?resize=5%2C12&amp;ssl=1 5w, https:\/\/i0.wp.com\/gunnisonmentors.com\/wp-content\/uploads\/2023\/10\/1.png?resize=600%2C1500&amp;ssl=1 600w\" sizes=\"auto, (max-width: 800px) 100vw, 800px\" \/><\/div>\n\t\t<\/figure>\n\t<\/div>\n<\/div><\/div><\/div><\/div><\/div><\/div><\/div><\/div><\/div><div class=\"wpb_column vc_column_container vc_col-sm-6 vc_col-has-fill\"><div class=\"vc_column-inner vc_custom_1688408580672\"><div class=\"wpb_wrapper\">\n\t<div class=\"wpb_text_column wpb_content_element vc_custom_1693850116861\" >\n\t\t<div class=\"wpb_wrapper\">\n\t\t\t<h2 style=\"text-align: center;\"><strong>Programas escolares<\/strong><\/h2>\n\n\t\t<\/div>\n\t<\/div>\n\n\t<div class=\"wpb_text_column wpb_content_element vc_custom_1744666807024\" >\n\t\t<div class=\"wpb_wrapper\">\n\t\t\t<p style=\"text-align: center;\">\u00a1Empoderando a los estudiantes para el \u00e9xito!<\/p>\n<p>Nuestro programa de tutor\u00eda en la escuela brinda un apoyo crucial a los estudiantes que pueden beneficiarse de asistencia adicional. A trav\u00e9s de este programa, los estudiantes son emparejados con voluntarios capacitados de nuestra comunidad que sirven como mentores durante todo el a\u00f1o escolar.<\/p>\n<p>Teachers or counselors refer students to the program, and once matched, Mentors work closely with them to improve attendance, study habits, communication, organization, and homework completion.<\/p>\n<p>M\u00e1s all\u00e1 de la asistencia acad\u00e9mica, nuestros mentores construyen relaciones significativas con los estudiantes, ofreciendo orientaci\u00f3n, apoyo e inspiraci\u00f3n. Este programa tiene como objetivo mejorar el rendimiento acad\u00e9mico al tiempo que fomenta un sentido de pertenencia, confianza en s\u00ed mismo y resiliencia.<\/p>\n<p>\u00danase a nosotros para empoderar a los estudiantes y crear una cultura de \u00e9xito.<\/p>\n\n\t\t<\/div>\n\t<\/div>\n<div class=\"vc_tta-container\" data-vc-action=\"collapseAll\"><div class=\"vc_general vc_tta vc_tta-accordion vc_tta-color-grey vc_tta-style-modern vc_tta-shape-rounded vc_tta-o-shape-group vc_tta-gap-15 vc_tta-controls-align-center vc_tta-o-all-clickable\"><div class=\"vc_tta-panels-container\"><div class=\"vc_tta-panels\"><div class=\"vc_tta-panel\" id=\"1680812557353-7abb7454-a151\" data-vc-content=\".vc_tta-panel-body\"><div class=\"vc_tta-panel-heading\"><p class=\"vc_tta-panel-title\"><a href=\"#1680812557353-7abb7454-a151\" data-vc-accordion data-vc-container=\".vc_tta-container\"><i class=\"vc_tta-icon fas fa-info-circle\"><\/i><span class=\"vc_tta-title-text\">Click for More Information<\/span><\/a><\/p><\/div><div class=\"vc_tta-panel-body\">\n\t<div  class=\"wpb_single_image wpb_content_element vc_align_center wpb_content_element\">\n\t\t\n\t\t<figure class=\"wpb_wrapper vc_figure\">\n\t\t\t<div class=\"vc_single_image-wrapper   vc_box_border_grey\"><img loading=\"lazy\" decoding=\"async\" width=\"800\" height=\"2000\" src=\"https:\/\/i0.wp.com\/gunnisonmentors.com\/wp-content\/uploads\/2023\/10\/2.png?fit=800%2C2000&amp;ssl=1\" class=\"vc_single_image-img attachment-full\" alt=\"\" title=\"2\" srcset=\"https:\/\/i0.wp.com\/gunnisonmentors.com\/wp-content\/uploads\/2023\/10\/2.png?w=800&amp;ssl=1 800w, https:\/\/i0.wp.com\/gunnisonmentors.com\/wp-content\/uploads\/2023\/10\/2.png?resize=120%2C300&amp;ssl=1 120w, https:\/\/i0.wp.com\/gunnisonmentors.com\/wp-content\/uploads\/2023\/10\/2.png?resize=410%2C1024&amp;ssl=1 410w, https:\/\/i0.wp.com\/gunnisonmentors.com\/wp-content\/uploads\/2023\/10\/2.png?resize=768%2C1920&amp;ssl=1 768w, https:\/\/i0.wp.com\/gunnisonmentors.com\/wp-content\/uploads\/2023\/10\/2.png?resize=614%2C1536&amp;ssl=1 614w, https:\/\/i0.wp.com\/gunnisonmentors.com\/wp-content\/uploads\/2023\/10\/2.png?resize=5%2C12&amp;ssl=1 5w, https:\/\/i0.wp.com\/gunnisonmentors.com\/wp-content\/uploads\/2023\/10\/2.png?resize=600%2C1500&amp;ssl=1 600w\" sizes=\"auto, (max-width: 800px) 100vw, 800px\" \/><\/div>\n\t\t<\/figure>\n\t<\/div>\n<\/div><\/div><\/div><\/div><\/div><\/div><\/div><\/div><\/div><\/div><div class=\"vc_row-full-width vc_clearfix\"><\/div><div id=\"trainings-tips\" data-vc-full-width=\"true\" data-vc-full-width-init=\"false\" data-vc-stretch-content=\"true\" class=\"vc_row wpb_row vc_row-fluid vc_custom_1697372161297 inner-container overlay-light row-of-columns vc_row-has-fill vc_row-o-equal-height vc_row-flex\"><div class=\"wpb_column vc_column_container vc_col-sm-12\"><div class=\"vc_column-inner\"><div class=\"wpb_wrapper\">\n\t<div class=\"wpb_text_column wpb_content_element\" >\n\t\t<div class=\"wpb_wrapper\">\n\t\t\t<h2 style=\"text-align: center;\"><strong>Capacitaci\u00f3n y consejos<\/strong><\/h2>\n\n\t\t<\/div>\n\t<\/div>\n<div class=\"vc_separator wpb_content_element vc_separator_align_center vc_sep_width_20 vc_sep_pos_align_center vc_separator_no_text vc_sep_color_black vc_custom_1697371728470 wpb_content_element  vc_custom_1697371728470 wpb_content_element\" ><span class=\"vc_sep_holder vc_sep_holder_l\"><span class=\"vc_sep_line\"><\/span><\/span><span class=\"vc_sep_holder vc_sep_holder_r\"><span class=\"vc_sep_line\"><\/span><\/span>\n<\/div>\n\t<div class=\"wpb_text_column wpb_content_element vc_custom_1697371710544\" >\n\t\t<div class=\"wpb_wrapper\">\n\t\t\t<p style=\"text-align: center;\">Estos recursos est\u00e1n hechos pensando en nuestros participantes; sin embargo, la comunidad tambi\u00e9n es bienvenida a ellos.<\/p>\n\n\t\t<\/div>\n\t<\/div>\n<div class=\"vc_row wpb_row vc_inner vc_row-fluid vc_column-gap-10 vc_row-o-equal-height vc_row-flex\">\t\t\t<style>\n\t\t\t\n\t\t\t \t\t\t \t\t\t \n\t\t\t.btn.klb_3bbfef:hover {\n\t\t\t\tbackground-color: #3bbfef !important;\n\t\t\t}\n\t\t\t\n\t\t\t.btn.klb_000000:hover {\n\t\t\t\tcolor: #000000 !important;\n\t\t\t}\n\n\t\t\t.btn.klb_3bbfef:hover {\n\t\t\t\tborder-color: #3bbfef !important;\n\t\t\t}\n\t\t\t\n\t\t\t<\/style>\n<div class=\"wpb_column vc_column_container vc_col-sm-3\"><div class=\"vc_column-inner\"><div class=\"wpb_wrapper\"><div class=\"action-box\"><a class=\"btn  btn-white text-big\"><i class=\"text-primary fas fa-toolbox\"><\/i><\/a><h3>Recursos para mentores<\/h3><p><\/p><\/div><div class=\"text-center\"><a class=\"btn btn-black klb_3bbfef klb_000000 klb_3bbfef\" href=\"https:\/\/drive.google.com\/drive\/folders\/159jrfA78AEugJtdaiHmvfEWAggxhR4w5?usp=drive_link\" target=\"_blank\" title=\"M\u00c1S INFORMACI\u00d3N\" style=\"color:#fff;background-color:#000; border:2px solid #000;\"><i class=\"far fa-folder-open\"><\/i> M\u00c1S INFORMACI\u00d3N<\/a><\/div><\/div><\/div><\/div>\t\t\t<style>\n\t\t\t\n\t\t\t \t\t\t \t\t\t \n\t\t\t.btn.klb_3bbfef:hover {\n\t\t\t\tbackground-color: #3bbfef !important;\n\t\t\t}\n\t\t\t\n\t\t\t.btn.klb_000000:hover {\n\t\t\t\tcolor: #000000 !important;\n\t\t\t}\n\n\t\t\t.btn.klb_3bbfef:hover {\n\t\t\t\tborder-color: #3bbfef !important;\n\t\t\t}\n\t\t\t\n\t\t\t<\/style>\n<div class=\"wpb_column vc_column_container vc_col-sm-3\"><div class=\"vc_column-inner\"><div class=\"wpb_wrapper\"><div class=\"action-box\"><a class=\"btn  btn-white text-big\"><i class=\"text-primary fas fa-users\"><\/i><\/a><h3>Recursos familiares<\/h3><p><\/p><\/div><div class=\"text-center\"><a class=\"btn btn-black klb_3bbfef klb_000000 klb_3bbfef\" href=\"https:\/\/drive.google.com\/drive\/folders\/15xTPG2-WlGDxQwC1papJ_QaVfGAXgmEs?usp=drive_link\" target=\"_blank\" title=\"M\u00c1S INFORMACI\u00d3N\" style=\"color:#fff;background-color:#000; border:2px solid #000;\"><i class=\"far fa-folder-open\"><\/i> M\u00c1S INFORMACI\u00d3N<\/a><\/div><\/div><\/div><\/div>\t\t\t<style>\n\t\t\t\n\t\t\t \t\t\t \t\t\t \n\t\t\t.btn.klb_3bbfef:hover {\n\t\t\t\tbackground-color: #3bbfef !important;\n\t\t\t}\n\t\t\t\n\t\t\t.btn.klb_000000:hover {\n\t\t\t\tcolor: #000000 !important;\n\t\t\t}\n\n\t\t\t.btn.klb_3bbfef:hover {\n\t\t\t\tborder-color: #3bbfef !important;\n\t\t\t}\n\t\t\t\n\t\t\t<\/style>\n<div class=\"wpb_column vc_column_container vc_col-sm-3\"><div class=\"vc_column-inner\"><div class=\"wpb_wrapper\"><div class=\"action-box\"><a class=\"btn  btn-white text-big\"><i class=\"text-primary far fa-clock\"><\/i><\/a><h3>diez minutos Consejos<\/h3><p><\/p><\/div><div class=\"text-center\"><a class=\"btn btn-black klb_3bbfef klb_000000 klb_3bbfef\" href=\"https:\/\/drive.google.com\/file\/d\/1ZfZmrm4x2bqVNZToPCY0yDDhUcIzSdVr\/view\" target=\"_blank\" title=\"M\u00c1S INFORMACI\u00d3N\" style=\"color:#fff;background-color:#000; border:2px solid #000;\"><i class=\"far fa-file-pdf\"><\/i> M\u00c1S INFORMACI\u00d3N<\/a><\/div><\/div><\/div><\/div>\t\t\t<style>\n\t\t\t\n\t\t\t \t\t\t \t\t\t \n\t\t\t.btn.klb_3bbfef:hover {\n\t\t\t\tbackground-color: #3bbfef !important;\n\t\t\t}\n\t\t\t\n\t\t\t.btn.klb_000000:hover {\n\t\t\t\tcolor: #000000 !important;\n\t\t\t}\n\n\t\t\t.btn.klb_3bbfef:hover {\n\t\t\t\tborder-color: #3bbfef !important;\n\t\t\t}\n\t\t\t\n\t\t\t<\/style>\n<div class=\"wpb_column vc_column_container vc_col-sm-3\"><div class=\"vc_column-inner\"><div class=\"wpb_wrapper\"><div class=\"action-box\"><a class=\"btn  btn-white text-big\"><i class=\"text-primary fas fa-chalkboard-teacher\"><\/i><\/a><h3>Mentor Trainings<\/h3><p><\/p><\/div><div class=\"text-center\"><a class=\"btn btn-black klb_3bbfef klb_000000 klb_3bbfef\" href=\"\" target=\"_blank\" title=\"COMING SOON\" style=\"color:#fff;background-color:#000; border:2px solid #000;\"><i class=\"fas fa-question\"><\/i> COMING SOON<\/a><\/div><\/div><\/div><\/div><\/div><\/div><\/div><\/div><\/div><div class=\"vc_row-full-width vc_clearfix\"><\/div><div id=\"free-fun\" data-vc-full-width=\"true\" data-vc-full-width-init=\"false\" data-vc-stretch-content=\"true\" class=\"vc_row wpb_row vc_row-fluid inner-container overlay-light row-of-columns vc_row-o-equal-height vc_row-flex\"><div class=\"wpb_column vc_column_container vc_col-sm-12\"><div class=\"vc_column-inner\"><div class=\"wpb_wrapper\">\n\t<div class=\"wpb_text_column wpb_content_element\" >\n\t\t<div class=\"wpb_wrapper\">\n\t\t\t<h2 style=\"text-align: center;\"><strong>Cosas para hacer<\/strong><\/h2>\n\n\t\t<\/div>\n\t<\/div>\n<div class=\"vc_separator wpb_content_element vc_separator_align_center vc_sep_width_20 vc_sep_pos_align_center vc_separator_no_text vc_sep_color_black vc_custom_1697371768338 wpb_content_element  vc_custom_1697371768338 wpb_content_element\" ><span class=\"vc_sep_holder vc_sep_holder_l\"><span class=\"vc_sep_line\"><\/span><\/span><span class=\"vc_sep_holder vc_sep_holder_r\"><span class=\"vc_sep_line\"><\/span><\/span>\n<\/div>\n\t<div class=\"wpb_text_column wpb_content_element vc_custom_1697371760604\" >\n\t\t<div class=\"wpb_wrapper\">\n\t\t\t<p style=\"text-align: center;\">\u00bfBuscando actividades para disfrutar juntos? \u00a1No busque m\u00e1s! Tenemos muchos recursos para todos.<\/p>\n\n\t\t<\/div>\n\t<\/div>\n<div class=\"vc_row wpb_row vc_inner vc_row-fluid vc_column-gap-10 vc_row-o-equal-height vc_row-flex\">\t\t\t<style>\n\t\t\t\n\t\t\t \t\t\t \t\t\t \n\t\t\t.btn.klb_3bbfef:hover {\n\t\t\t\tbackground-color: #3bbfef !important;\n\t\t\t}\n\t\t\t\n\t\t\t.btn.klb_000000:hover {\n\t\t\t\tcolor: #000000 !important;\n\t\t\t}\n\n\t\t\t.btn.klb_3bbfef:hover {\n\t\t\t\tborder-color: #3bbfef !important;\n\t\t\t}\n\t\t\t\n\t\t\t<\/style>\n<div class=\"wpb_column vc_column_container vc_col-sm-1\/5\"><div class=\"vc_column-inner\"><div class=\"wpb_wrapper\"><div class=\"action-box\"><a class=\"btn  btn-white text-big\"><i class=\"text-primary fas fa-sun\"><\/i><\/a><h3>Ideas divertidas de verano<\/h3><p><\/p><\/div><div class=\"text-center\"><a class=\"btn btn-black klb_3bbfef klb_000000 klb_3bbfef\" href=\"https:\/\/drive.google.com\/file\/d\/1mO0wNEdybWKQne977BfyI0p7UbIqbTuW\/view?usp=drive_link\" target=\"_blank\" title=\"M\u00c1S INFORMACI\u00d3N\" style=\"color:#fff;background-color:#000; border:2px solid #000;\"><i class=\"far fa-file-pdf\"><\/i> M\u00c1S INFORMACI\u00d3N<\/a><\/div><\/div><\/div><\/div>\t\t\t<style>\n\t\t\t\n\t\t\t \t\t\t \t\t\t \n\t\t\t.btn.klb_3bbfef:hover {\n\t\t\t\tbackground-color: #3bbfef !important;\n\t\t\t}\n\t\t\t\n\t\t\t.btn.klb_000000:hover {\n\t\t\t\tcolor: #000000 !important;\n\t\t\t}\n\n\t\t\t.btn.klb_3bbfef:hover {\n\t\t\t\tborder-color: #3bbfef !important;\n\t\t\t}\n\t\t\t\n\t\t\t<\/style>\n<div class=\"wpb_column vc_column_container vc_col-sm-1\/5\"><div class=\"vc_column-inner\"><div class=\"wpb_wrapper\"><div class=\"action-box\"><a class=\"btn  btn-white text-big\"><i class=\"text-primary fas fa-snowflake\"><\/i><\/a><h3>Ideas divertidas de invierno<\/h3><p><\/p><\/div><div class=\"text-center\"><a class=\"btn btn-black klb_3bbfef klb_000000 klb_3bbfef\" href=\"https:\/\/drive.google.com\/file\/d\/1g6WYeizQ_sZ0q2wa_tukXsK7fONJDANI\/view?usp=sharing\" target=\"_blank\" title=\"M\u00c1S INFORMACI\u00d3N\" style=\"color:#fff;background-color:#000; border:2px solid #000;\"><i class=\"far fa-file-pdf\"><\/i> M\u00c1S INFORMACI\u00d3N<\/a><\/div><\/div><\/div><\/div>\t\t\t<style>\n\t\t\t\n\t\t\t \t\t\t \t\t\t \n\t\t\t.btn.klb_3bbfef:hover {\n\t\t\t\tbackground-color: #3bbfef !important;\n\t\t\t}\n\t\t\t\n\t\t\t.btn.klb_000000:hover {\n\t\t\t\tcolor: #000000 !important;\n\t\t\t}\n\n\t\t\t.btn.klb_3bbfef:hover {\n\t\t\t\tborder-color: #3bbfef !important;\n\t\t\t}\n\t\t\t\n\t\t\t<\/style>\n<div class=\"wpb_column vc_column_container vc_col-sm-1\/5\"><div class=\"vc_column-inner\"><div class=\"wpb_wrapper\"><div class=\"action-box\"><a class=\"btn  btn-white text-big\"><i class=\"text-primary fab fa-pinterest-p\"><\/i><\/a><h3>Pinterest Ideas<\/h3><p><\/p><\/div><div class=\"text-center\"><a class=\"btn btn-black klb_3bbfef klb_000000 klb_3bbfef\" href=\"https:\/\/www.pinterest.com\/search\/pins\/?q=50%20ideas%20for%20summer%20with%20kids&amp;rs=typed&amp;0=50%20ideas%20for%20summer%20with%20kids|typed\" target=\"_blank\" title=\"M\u00c1S INFORMACI\u00d3N\" style=\"color:#fff;background-color:#000; border:2px solid #000;\"><i class=\"fab fa-pinterest\"><\/i> M\u00c1S INFORMACI\u00d3N<\/a><\/div><\/div><\/div><\/div>\t\t\t<style>\n\t\t\t\n\t\t\t \t\t\t \t\t\t \n\t\t\t.btn.klb_3bbfef:hover {\n\t\t\t\tbackground-color: #3bbfef !important;\n\t\t\t}\n\t\t\t\n\t\t\t.btn.klb_000000:hover {\n\t\t\t\tcolor: #000000 !important;\n\t\t\t}\n\n\t\t\t.btn.klb_3bbfef:hover {\n\t\t\t\tborder-color: #3bbfef !important;\n\t\t\t}\n\t\t\t\n\t\t\t<\/style>\n<div class=\"wpb_column vc_column_container vc_col-sm-1\/5\"><div class=\"vc_column-inner\"><div class=\"wpb_wrapper\"><div class=\"action-box\"><a class=\"btn  btn-white text-big\"><i class=\"text-primary fas fa-hiking\"><\/i><\/a><h3>Eventos de Gunnison<\/h3><p><\/p><\/div><div class=\"text-center\"><a class=\"btn btn-black klb_3bbfef klb_000000 klb_3bbfef\" href=\"https:\/\/www.gunnisonvalleycalendar.com\/\" target=\"_blank\" title=\"M\u00c1S INFORMACI\u00d3N\" style=\"color:#fff;background-color:#000; border:2px solid #000;\"><i class=\"fas fa-link\"><\/i> M\u00c1S INFORMACI\u00d3N<\/a><\/div><\/div><\/div><\/div>\t\t\t<style>\n\t\t\t\n\t\t\t \t\t\t \t\t\t \n\t\t\t.btn.klb_3bbfef:hover {\n\t\t\t\tbackground-color: #3bbfef !important;\n\t\t\t}\n\t\t\t\n\t\t\t.btn.klb_000000:hover {\n\t\t\t\tcolor: #000000 !important;\n\t\t\t}\n\n\t\t\t.btn.klb_3bbfef:hover {\n\t\t\t\tborder-color: #3bbfef !important;\n\t\t\t}\n\t\t\t\n\t\t\t<\/style>\n<div class=\"wpb_column vc_column_container vc_col-sm-1\/5\"><div class=\"vc_column-inner\"><div class=\"wpb_wrapper\"><div class=\"action-box\"><a class=\"btn  btn-white text-big\"><i class=\"text-primary fas fa-calendar-alt\"><\/i><\/a><h3>Eventos de Crested Butte<\/h3><p><\/p><\/div><div class=\"text-center\"><a class=\"btn btn-black klb_3bbfef klb_000000 klb_3bbfef\" href=\"https:\/\/mycbguide.com\/\" target=\"_blank\" title=\"M\u00c1S INFORMACI\u00d3N\" style=\"color:#fff;background-color:#000; border:2px solid #000;\"><i class=\"fas fa-link\"><\/i> M\u00c1S INFORMACI\u00d3N<\/a><\/div><\/div><\/div><\/div><\/div><\/div><\/div><\/div><\/div><div class=\"vc_row-full-width vc_clearfix\"><\/div><div data-vc-full-width=\"true\" data-vc-full-width-init=\"false\" data-vc-stretch-content=\"true\" class=\"vc_row wpb_row vc_row-fluid vc_column-gap-10 vc_row-o-equal-height vc_row-flex\">\t\t\t<style>\n\t\t\t\n\t\t\t \t\t\t \t\t\t \n\t\t\t.btn.klb_ffffff:hover {\n\t\t\t\tbackground-color: #ffffff !important;\n\t\t\t}\n\t\t\t\n\t\t\t.btn.klb_000000:hover {\n\t\t\t\tcolor: #000000 !important;\n\t\t\t}\n\n\t\t\t.btn.klb_ffffff:hover {\n\t\t\t\tborder-color: #ffffff !important;\n\t\t\t}\n\t\t\t\n\t\t\t<\/style>\n<div class=\"wpb_column vc_column_container vc_col-sm-6 vc_col-has-fill\"><div class=\"vc_column-inner vc_custom_1697371928953\"><div class=\"wpb_wrapper\">\n\t<div class=\"wpb_text_column wpb_content_element\" >\n\t\t<div class=\"wpb_wrapper\">\n\t\t\t<h2 style=\"text-align: center;\"><strong>\u00a1Convi\u00e9rtete en Mentor Hoy Mismo!<\/strong><\/h2>\n\n\t\t<\/div>\n\t<\/div>\n<div class=\"vc_separator wpb_content_element vc_separator_align_center vc_sep_width_20 vc_sep_pos_align_center vc_separator_no_text vc_sep_color_black vc_custom_1693846346477 wpb_content_element  vc_custom_1693846346477 wpb_content_element\" ><span class=\"vc_sep_holder vc_sep_holder_l\"><span class=\"vc_sep_line\"><\/span><\/span><span class=\"vc_sep_holder vc_sep_holder_r\"><span class=\"vc_sep_line\"><\/span><\/span>\n<\/div><div class=\"action-box\"><a class=\"btn  btn-white text-big\"><i class=\"text-primary fas fa-hands-helping\"><\/i><\/a><h3><\/h3><p><\/p><\/div><div class=\"text-center\"><a class=\"btn btn-black klb_ffffff klb_000000 klb_ffffff btn-big\" href=\"https:\/\/www.surveygizmo.com\/s3\/6186188\/Mentor-Application\" target=\"_blank\" title=\"APPLY TODAY\" style=\"color:#fff;background-color:#000; border:2px solid #000;\"><i class=\"fas fa-link\"><\/i> APPLY TODAY<\/a><\/div><\/div><\/div><\/div>\t\t\t<style>\n\t\t\t\n\t\t\t \t\t\t \t\t\t \n\t\t\t.btn.klb_ffffff:hover {\n\t\t\t\tbackground-color: #ffffff !important;\n\t\t\t}\n\t\t\t\n\t\t\t.btn.klb_000000:hover {\n\t\t\t\tcolor: #000000 !important;\n\t\t\t}\n\n\t\t\t.btn.klb_ffffff:hover {\n\t\t\t\tborder-color: #ffffff !important;\n\t\t\t}\n\t\t\t\n\t\t\t<\/style>\n<div class=\"wpb_column vc_column_container vc_col-sm-6 vc_col-has-fill\"><div class=\"vc_column-inner vc_custom_1697371939933\"><div class=\"wpb_wrapper\">\n\t<div class=\"wpb_text_column wpb_content_element\" >\n\t\t<div class=\"wpb_wrapper\">\n\t\t\t<h2 style=\"text-align: center;\"><strong>\u00a1Refiere a un Joven Hoy Mismo!<\/strong><\/h2>\n\n\t\t<\/div>\n\t<\/div>\n<div class=\"vc_separator wpb_content_element vc_separator_align_center vc_sep_width_20 vc_sep_pos_align_center vc_separator_no_text vc_sep_color_black vc_custom_1693846346477 wpb_content_element  vc_custom_1693846346477 wpb_content_element\" ><span class=\"vc_sep_holder vc_sep_holder_l\"><span class=\"vc_sep_line\"><\/span><\/span><span class=\"vc_sep_holder vc_sep_holder_r\"><span class=\"vc_sep_line\"><\/span><\/span>\n<\/div><div class=\"action-box\"><a class=\"btn  btn-white text-big\"><i class=\"text-primary fas fa-child\"><\/i><\/a><h3><\/h3><p><\/p><\/div><div class=\"text-center\"><a class=\"btn btn-black klb_ffffff klb_000000 klb_ffffff btn-big\" href=\"https:\/\/www.surveygizmo.com\/s3\/6186432\/Mentee-Referral\" target=\"_blank\" title=\"REFER TODAY\" style=\"color:#fff;background-color:#000; border:2px solid #000;\"><i class=\"fas fa-link\"><\/i> REFER TODAY<\/a><\/div><\/div><\/div><\/div><\/div><div class=\"vc_row-full-width vc_clearfix\"><\/div>\n<\/div>","protected":false},"excerpt":{"rendered":"Programas de tutor\u00eda RECOMIENDA A J\u00d3VENES AQU\u00cd HAZTE VOLUNTARIO AQU\u00cd Programas comunitarios \u00a1Creando v\u00ednculos a trav\u00e9s de la diversi\u00f3n y el apoyo! En nuestro programa de tutor\u00eda basado en la comunidad, los j\u00f3venes recomendados son emparejados con voluntarios capacitados de nuestra comunidad...<div class=\"pull-left\"><a href=\"https:\/\/gunnisonmentors.com\/es\/mentoring-programs\/\" class=\"btn btn-black btn-sm\"><span class=\"read-more\">Leer m\u00e1s<\/span><\/a><\/div>","protected":false},"author":4,"featured_media":0,"parent":0,"menu_order":0,"comment_status":"closed","ping_status":"closed","template":"","meta":{"give_campaign_id":0,"nf_dc_page":"","footnotes":""},"class_list":["post-4256","page","type-page","status-publish","hentry"],"campaignId":"","jetpack_sharing_enabled":true,"_links":{"self":[{"href":"https:\/\/gunnisonmentors.com\/es\/wp-json\/wp\/v2\/pages\/4256","targetHints":{"allow":["GET"]}}],"collection":[{"href":"https:\/\/gunnisonmentors.com\/es\/wp-json\/wp\/v2\/pages"}],"about":[{"href":"https:\/\/gunnisonmentors.com\/es\/wp-json\/wp\/v2\/types\/page"}],"author":[{"embeddable":true,"href":"https:\/\/gunnisonmentors.com\/es\/wp-json\/wp\/v2\/users\/4"}],"replies":[{"embeddable":true,"href":"https:\/\/gunnisonmentors.com\/es\/wp-json\/wp\/v2\/comments?post=4256"}],"version-history":[{"count":5,"href":"https:\/\/gunnisonmentors.com\/es\/wp-json\/wp\/v2\/pages\/4256\/revisions"}],"predecessor-version":[{"id":5477,"href":"https:\/\/gunnisonmentors.com\/es\/wp-json\/wp\/v2\/pages\/4256\/revisions\/5477"}],"wp:attachment":[{"href":"https:\/\/gunnisonmentors.com\/es\/wp-json\/wp\/v2\/media?parent=4256"}],"curies":[{"name":"wp","href":"https:\/\/api.w.org\/{rel}","templated":true}]}}