{"id":4673,"date":"2023-04-08T01:57:37","date_gmt":"2023-04-08T07:57:37","guid":{"rendered":"https:\/\/gunnisonmentors.com\/?page_id=4673"},"modified":"2026-02-05T12:17:03","modified_gmt":"2026-02-05T19:17:03","slug":"support","status":"publish","type":"page","link":"https:\/\/gunnisonmentors.com\/es\/support\/","title":{"rendered":"Apoyo"},"content":{"rendered":"<div class=\"wpb-content-wrapper\"><div id=\"donate-today\" data-vc-full-width=\"true\" data-vc-full-width-init=\"false\" data-vc-stretch-content=\"true\" class=\"vc_row wpb_row vc_row-fluid vc_custom_1770318995969 inner-container overlay-light row-of-columns vc_row-has-fill vc_row-o-equal-height vc_row-flex\"><div class=\"wpb_column vc_column_container vc_col-sm-8\"><div class=\"vc_column-inner vc_custom_1694341616800\"><div class=\"wpb_wrapper\"><div class=\"vc_row wpb_row vc_inner vc_row-fluid vc_custom_1694348694211 vc_row-has-fill vc_row-o-content-bottom vc_row-flex\"><div class=\"wpb_column vc_column_container vc_col-sm-6 vc_col-has-fill\"><div class=\"vc_column-inner vc_custom_1694348868470\"><div class=\"wpb_wrapper\"><div class=\"klb-title\" style=\"text-align:center\"><h1 style=\"color:#000000\">Apoyo<\/h1><div class=\"accent-rule-short\" style=\"border-top:1px solid #000000 !important;\"><\/div><h2 style=\"color:#000000\"><\/p>\n<h3>\u00a1Puede donar CUALQUIER cantidad hoy a nuestros sitios Colorado Gives, Venmo o PayPal!<\/h2><\/div>\n\t<div class=\"wpb_text_column wpb_content_element vc_custom_1694348845406\" >\n\t\t<div class=\"wpb_wrapper\">\n\t\t\t<\/h3>\n<p style=\"margin: 0in; font-family: Calibri; font-size: 16pt; text-align: center;\"><strong>Gunnison Valley Mentors depende del apoyo de nuestra comunidad y m\u00e1s all\u00e1. Cada d\u00f3lar se utiliza para brindar m\u00e1s apoyo y crear relaciones positivas de tutor\u00eda en las \u00e1reas de Gunnison, Crested Butte y Lake City. Para donar a nuestra Misi\u00f3n, env\u00ede o entregue el pago en nuestra oficina en: 101 N 8th Street, Gunnison CO 81230.<\/strong><\/p>\n\n\t\t<\/div>\n\t<\/div>\n<\/div><\/div><\/div><div class=\"wpb_column vc_column_container vc_col-sm-6\"><div class=\"vc_column-inner vc_custom_1694348454667\"><div class=\"wpb_wrapper\"><div class=\"vc_btn3-container vc_btn3-left vc_do_btn\" ><a class=\"vc_general vc_btn3 vc_btn3-size-lg vc_btn3-shape-rounded vc_btn3-style-modern vc_btn3-block vc_btn3-icon-left vc_btn3-color-black\" href=\"https:\/\/www.coloradogives.org\/organization\/GunnisonValleyMentors\" title=\"Donar\" target=\"_blank\"><i class=\"vc_btn3-icon fas fa-donate\"><\/i> Done con Colorado Gives<\/a><\/div><div class=\"vc_btn3-container vc_btn3-left vc_do_btn\" ><a class=\"vc_general vc_btn3 vc_btn3-size-lg vc_btn3-shape-rounded vc_btn3-style-modern vc_btn3-block vc_btn3-icon-left vc_btn3-color-black\" href=\"https:\/\/www.paypal.com\/paypalme\/gunnisonmentors?v=1&#038;utm_source=unp&#038;utm_medium=email&#038;utm_campaign=RT000481&#038;utm_unptid=543de032-3158-11ee-814d-3cecef6afe43&#038;ppid=RT000481&#038;cnac=US&#038;rsta=en_US%28en-US%29&#038;cust=VRQBZYJ4XUR6W&#038;unptid=543de032-3158-11ee-814d-3cecef6afe43&#038;calc=f622117a337cf&#038;unp_tpcid=ppme-social-business-profile-created&#038;page=main%3Aemail%3ART000481&#038;pgrp=main%3Aemail&#038;e=cl&#038;mchn=em&#038;s=ci&#038;mail=sys&#038;appVersion=1.190.0&#038;xt=104038%2C124817\" title=\"Donar\" target=\"_blank\"><i class=\"vc_btn3-icon fas fa-donate\"><\/i> Donar con PayPal<\/a><\/div><div class=\"vc_btn3-container vc_btn3-left vc_do_btn\" ><a class=\"vc_general vc_btn3 vc_btn3-size-lg vc_btn3-shape-rounded vc_btn3-style-modern vc_btn3-block vc_btn3-icon-left vc_btn3-color-black\" href=\"https:\/\/account.venmo.com\/u\/GVMentors\" title=\"Donar\" target=\"_blank\"><i class=\"vc_btn3-icon fas fa-donate\"><\/i> Donar con Venmo<\/a><\/div><\/div><\/div><\/div><\/div><\/div><\/div><\/div><\/div><div class=\"vc_row-full-width vc_clearfix\"><\/div><div data-vc-full-width=\"true\" data-vc-full-width-init=\"false\" data-vc-stretch-content=\"true\" class=\"vc_row wpb_row vc_row-fluid vc_custom_1697198769399 vc_row-o-equal-height vc_row-flex\"><div class=\"wpb_column vc_column_container vc_col-sm-12\"><div class=\"vc_column-inner\"><div class=\"wpb_wrapper\">\n\t<div  class=\"wpb_single_image wpb_content_element vc_align_center wpb_content_element vc_custom_1739392183271\">\n\t\t<h2 class=\"wpb_heading wpb_singleimage_heading\">Mission Sponsor Amounts<\/h2>\n\t\t<figure class=\"wpb_wrapper vc_figure\">\n\t\t\t<div class=\"vc_single_image-wrapper   vc_box_border_grey\"><img loading=\"lazy\" decoding=\"async\" width=\"867\" height=\"347\" src=\"https:\/\/i0.wp.com\/gunnisonmentors.com\/wp-content\/uploads\/2023\/08\/2023-GVM-Mission-Sponsor-1-e1738526827405.png?fit=867%2C347&amp;ssl=1\" class=\"vc_single_image-img attachment-full\" alt=\"\" title=\"Patrocinador de la misi\u00f3n GVM 2023 (1)\" srcset=\"https:\/\/i0.wp.com\/gunnisonmentors.com\/wp-content\/uploads\/2023\/08\/2023-GVM-Mission-Sponsor-1-e1738526827405.png?w=867&amp;ssl=1 867w, https:\/\/i0.wp.com\/gunnisonmentors.com\/wp-content\/uploads\/2023\/08\/2023-GVM-Mission-Sponsor-1-e1738526827405.png?resize=300%2C120&amp;ssl=1 300w, https:\/\/i0.wp.com\/gunnisonmentors.com\/wp-content\/uploads\/2023\/08\/2023-GVM-Mission-Sponsor-1-e1738526827405.png?resize=768%2C307&amp;ssl=1 768w, https:\/\/i0.wp.com\/gunnisonmentors.com\/wp-content\/uploads\/2023\/08\/2023-GVM-Mission-Sponsor-1-e1738526827405.png?resize=18%2C7&amp;ssl=1 18w\" sizes=\"auto, (max-width: 867px) 100vw, 867px\" \/><\/div>\n\t\t<\/figure>\n\t<\/div>\n<div class=\"vc_row wpb_row vc_inner vc_row-fluid vc_column-gap-10 vc_row-o-equal-height vc_row-o-content-middle vc_row-flex\"><div class=\"wpb_column vc_column_container vc_col-sm-8 vc_col-lg-offset-2\"><div class=\"vc_column-inner\"><div class=\"wpb_wrapper\">\n\t<div class=\"wpb_raw_code wpb_raw_html wpb_content_element\" >\n\t\t<div class=\"wpb_wrapper\">\n\t\t\t<div style=\"position: relative; width: 100%; height: 0; padding-top: 56.2500%; padding-bottom: 0; box-shadow: 0 2px 8px 0 rgba(63,69,81,0.16); margin-top: 1.6em; margin-bottom: 0.9em; overflow: hidden; border-radius: 8px; will-change: transform;\">\n  <iframe loading=\"lazy\" style=\"position: absolute; width: 100%; height: 100%; top: 0; left: 0; border: none; padding: 0;margin: 0;\"\n    src=\"https:\/\/www.canva.com\/design\/DAGbvxB6f3Q\/lFargYU065rj0neHl55iKg\/view?embed\" allowfullscreen=\"allowfullscreen\" allow=\"fullscreen\">\n  <\/iframe>\n<\/div>\n<a href=\"https:\/\/\/es\/&\/#x2F;&#x2F;www.canva.com&#x2F;design&#x2F;DAGbvxB6f3Q&#x2F;lFargYU065rj0neHl55iKg&#x2F;view?utm_content=DAGbvxB6f3Q&amp;utm_campaign=designshare&amp;utm_medium=embeds&amp;utm_source=link\" target=\"_blank\" rel=\"noopener\">Annual Report 2024 (Presentation)<\/a> de Gunnison Mentors\n\t\t<\/div>\n\t<\/div>\n<\/div><\/div><\/div><\/div><div class=\"vc_separator wpb_content_element vc_separator_align_center vc_sep_width_70 vc_sep_border_width_6 vc_sep_pos_align_center vc_separator_no_text vc_sep_color_black vc_custom_1713382487557 wpb_content_element  vc_custom_1713382487557 wpb_content_element\" ><span class=\"vc_sep_holder vc_sep_holder_l\"><span class=\"vc_sep_line\"><\/span><\/span><span class=\"vc_sep_holder vc_sep_holder_r\"><span class=\"vc_sep_line\"><\/span><\/span>\n<\/div><\/div><\/div><\/div><\/div><div class=\"vc_row-full-width vc_clearfix\"><\/div><div data-vc-full-width=\"true\" data-vc-full-width-init=\"false\" data-vc-stretch-content=\"true\" class=\"vc_row wpb_row vc_row-fluid\"><div class=\"wpb_column vc_column_container vc_col-sm-12\"><div class=\"vc_column-inner\"><div class=\"wpb_wrapper\"><div id=\"city-market-rewards\" class=\"vc_row wpb_row vc_inner vc_row-fluid\"><div class=\"wpb_column vc_column_container vc_col-sm-12\"><div class=\"vc_column-inner\"><div class=\"wpb_wrapper\"><div class=\"action-box\"><a class=\"btn  btn-white text-big\"><i class=\"text-primary fas fa-cart-plus\"><\/i><\/a><h3>City Market\/King Soopers rewards<\/h3><p>GV Mentors ahora puede ganar dinero a trav\u00e9s de sus tarjetas de recompensas City Market\/King Soopers. POR FAVOR, actualice las preferencias de su tarjeta para apoyar a Gunnison Valley Mentors. Es f\u00e1cil de hacer:<\/p>\n<p>Simplemente visite el enlace correspondiente a continuaci\u00f3n.<\/p>\n<p>Para las tiendas King Soopers: visite <a href=\"http:\/\/www.kingsoopers.com\">www.kingsoopers.com<\/a><br \/>\nPara las tiendas City Market: visite <a href=\"http:\/\/www.citymarket.com\">www.citymarket.com<\/a><\/p>\n<p class=\"translation-block\">Una vez que haya iniciado sesi\u00f3n en su cuenta de King Soopers o City Market, vaya a la informaci\u00f3n de su cuenta y haga clic en \"Recompensas de la comunidad\". Luego busque Mentores de Gunnison Valley por nombre o GH162 y luego haga clic en Inscribirse. Los nuevos usuarios deber\u00e1n crear una cuenta que requiere cierta informaci\u00f3n b\u00e1sica, una direcci\u00f3n de correo electr\u00f3nico v\u00e1lida y una tarjeta de fidelidad.<\/p><\/div><\/div><\/div><\/div><\/div><div class=\"vc_separator wpb_content_element vc_separator_align_center vc_sep_width_70 vc_sep_border_width_6 vc_sep_pos_align_center vc_separator_no_text vc_sep_color_black vc_custom_1713382497285 wpb_content_element  vc_custom_1713382497285 wpb_content_element\" ><span class=\"vc_sep_holder vc_sep_holder_l\"><span class=\"vc_sep_line\"><\/span><\/span><span class=\"vc_sep_holder vc_sep_holder_r\"><span class=\"vc_sep_line\"><\/span><\/span>\n<\/div><div class=\"vc_row wpb_row vc_inner vc_row-fluid\">\t\t\t<style>\n\t\t\t\n\t\t\t \t\t\t \t\t\t \n\t\t\t.btn.klb_3bbfef:hover {\n\t\t\t\tbackground-color: #3bbfef !important;\n\t\t\t}\n\t\t\t\n\t\t\t.btn.klb_000000:hover {\n\t\t\t\tcolor: #000000 !important;\n\t\t\t}\n\n\t\t\t.btn.klb_3bbfef:hover {\n\t\t\t\tborder-color: #3bbfef !important;\n\t\t\t}\n\t\t\t\n\t\t\t<\/style>\n<div class=\"wpb_column vc_column_container vc_col-sm-4\"><div class=\"vc_column-inner\"><div class=\"wpb_wrapper\"><div class=\"action-box\"><a class=\"btn  btn-white text-big\"><i class=\"text-primary fas fa-chart-line\"><\/i><\/a><h3>Informes del programa<\/h3><p><\/p><\/div><div class=\"text-center vc_custom_1694160865508\"><a class=\"btn btn-black klb_3bbfef klb_000000 klb_3bbfef\" href=\"https:\/\/drive.google.com\/drive\/folders\/1wsnDBNG-4uGGlvlehclN3-502yDSUA-H?usp=drive_link\" target=\"_blank\" title=\"LEER M\u00c1S\" style=\"color:#fff;background-color:#000; border:2px solid #000;\">LEER M\u00c1S<\/a><\/div><\/div><\/div><\/div>\t\t\t<style>\n\t\t\t\n\t\t\t \t\t\t \t\t\t \n\t\t\t.btn.klb_3bbfef:hover {\n\t\t\t\tbackground-color: #3bbfef !important;\n\t\t\t}\n\t\t\t\n\t\t\t.btn.klb_000000:hover {\n\t\t\t\tcolor: #000000 !important;\n\t\t\t}\n\n\t\t\t.btn.klb_3bbfef:hover {\n\t\t\t\tborder-color: #3bbfef !important;\n\t\t\t}\n\t\t\t\n\t\t\t<\/style>\n<div class=\"wpb_column vc_column_container vc_col-sm-4\"><div class=\"vc_column-inner\"><div class=\"wpb_wrapper\"><div class=\"action-box\"><a class=\"btn  btn-white text-big\"><i class=\"text-primary far fa-newspaper\"><\/i><\/a><h3>Boletines informativos del programa<\/h3><p><\/p><\/div><div class=\"text-center vc_custom_1694160880091\"><a class=\"btn btn-black klb_3bbfef klb_000000 klb_3bbfef\" href=\"https:\/\/drive.google.com\/drive\/folders\/1eeevX4p3B-xnXW_fm4Hq_KSH4dbvacUw?usp=sharing\" target=\"_blank\" title=\"LEER M\u00c1S\" style=\"color:#fff;background-color:#000; border:2px solid #000;\">LEER M\u00c1S<\/a><\/div><\/div><\/div><\/div>\t\t\t<style>\n\t\t\t\n\t\t\t \t\t\t \t\t\t \n\t\t\t.btn.klb_3bbfef:hover {\n\t\t\t\tbackground-color: #3bbfef !important;\n\t\t\t}\n\t\t\t\n\t\t\t.btn.klb_000000:hover {\n\t\t\t\tcolor: #000000 !important;\n\t\t\t}\n\n\t\t\t.btn.klb_3bbfef:hover {\n\t\t\t\tborder-color: #3bbfef !important;\n\t\t\t}\n\t\t\t\n\t\t\t<\/style>\n<div class=\"wpb_column vc_column_container vc_col-sm-4\"><div class=\"vc_column-inner\"><div class=\"wpb_wrapper\"><div class=\"action-box\"><a class=\"btn  btn-white text-big\"><i class=\"text-primary fas fa-book-reader\"><\/i><\/a><h3>Aspectos destacados de la tutor\u00eda<\/h3><p><\/p><\/div><div class=\"text-center vc_custom_1694160892290\"><a class=\"btn btn-black klb_3bbfef klb_000000 klb_3bbfef\" href=\"https:\/\/drive.google.com\/file\/d\/1OjPR-r2Vh5eTCGClEMYKuYi_IlpPpFzn\/view?usp=share_link\" target=\"_blank\" title=\"LEER M\u00c1S\" style=\"color:#fff;background-color:#000; border:2px solid #000;\">LEER M\u00c1S<\/a><\/div><\/div><\/div><\/div><\/div><\/div><\/div><\/div><\/div><div class=\"vc_row-full-width vc_clearfix\"><\/div><div data-vc-full-width=\"true\" data-vc-full-width-init=\"false\" data-vc-stretch-content=\"true\" class=\"vc_row wpb_row vc_row-fluid vc_custom_1694454571438 inner-container vc_row-has-fill vc_row-o-equal-height vc_row-flex\"><div class=\"wpb_column vc_column_container vc_col-sm-8 vc_col-lg-offset-2\"><div class=\"vc_column-inner\"><div class=\"wpb_wrapper\">\n\t<div class=\"wpb_text_column wpb_content_element\" >\n\t\t<div class=\"wpb_wrapper\">\n\t\t\t<h2 style=\"color: #ffffff; text-align: center;\"><strong>Gracias a nuestros patrocinadores y donantes de la misi\u00f3n.<\/strong><\/p>\n\n\t\t<\/div>\n\t<\/div>\n<div class=\"vc_separator wpb_content_element vc_separator_align_center vc_sep_width_20 vc_sep_border_width_6 vc_sep_pos_align_center vc_separator_no_text vc_sep_color_black vc_custom_1694454636039 wpb_content_element  vc_custom_1694454636039 wpb_content_element\" ><span class=\"vc_sep_holder vc_sep_holder_l\"><span class=\"vc_sep_line\"><\/span><\/span><span class=\"vc_sep_holder vc_sep_holder_r\"><span class=\"vc_sep_line\"><\/span><\/span>\n<\/div>\n\t<div class=\"wpb_text_column wpb_content_element vc_custom_1694454647726\" >\n\t\t<div class=\"wpb_wrapper\">\n\t\t\t<\/h2>\n<h3 style=\"color: #ffffff; text-align: center;\"><strong>Usted nos ayuda a lograr resultados sorprendentes en nuestra comunidad. \u00danase a nosotros para apoyar estos excelentes negocios.<\/strong><\/h3>\n\n\t\t<\/div>\n\t<\/div>\n<div class=\"vc_row wpb_row vc_inner vc_row-fluid\"><div class=\"wpb_column vc_column_container vc_col-sm-12\"><div class=\"vc_column-inner\"><div class=\"wpb_wrapper\">\n\t<div class=\"wpb_raw_code wpb_raw_html wpb_content_element\" >\n\t\t<div class=\"wpb_wrapper\">\n\t\t\t<iframe loading=\"lazy\" width=\"560\" height=\"315\" src=\"https:\/\/www.youtube.com\/embed\/SurxgAE8Xe0?autoplay=1&mute=1\" title=\"YouTube video player\" frameborder=\"0\" allow=\"accelerometer; autoplay; clipboard-write; encrypted-media; gyroscope; picture-in-picture; web-share\" allowfullscreen><\/iframe>\n\t\t<\/div>\n\t<\/div>\n<\/div><\/div><\/div><\/div><\/div><\/div><\/div><\/div><div class=\"vc_row-full-width vc_clearfix\"><\/div>\n<\/div>","protected":false},"excerpt":{"rendered":"Soporte \u00a1Puedes donar CUALQUIER cantidad hoy a nuestros sitios Colorado Gives, Venmo o PayPal! Gunnison Valley Mentors conf\u00eda en el apoyo de nuestra comunidad y m\u00e1s all\u00e1. Cada d\u00f3lar es...<div class=\"pull-left\"><a href=\"https:\/\/gunnisonmentors.com\/es\/support\/\" class=\"btn btn-black btn-sm\"><span class=\"read-more\">Leer m\u00e1s<\/span><\/a><\/div>","protected":false},"author":4,"featured_media":0,"parent":0,"menu_order":0,"comment_status":"closed","ping_status":"closed","template":"","meta":{"give_campaign_id":0,"nf_dc_page":"","footnotes":""},"class_list":["post-4673","page","type-page","status-publish","hentry"],"campaignId":"","jetpack_sharing_enabled":true,"_links":{"self":[{"href":"https:\/\/gunnisonmentors.com\/es\/wp-json\/wp\/v2\/pages\/4673","targetHints":{"allow":["GET"]}}],"collection":[{"href":"https:\/\/gunnisonmentors.com\/es\/wp-json\/wp\/v2\/pages"}],"about":[{"href":"https:\/\/gunnisonmentors.com\/es\/wp-json\/wp\/v2\/types\/page"}],"author":[{"embeddable":true,"href":"https:\/\/gunnisonmentors.com\/es\/wp-json\/wp\/v2\/users\/4"}],"replies":[{"embeddable":true,"href":"https:\/\/gunnisonmentors.com\/es\/wp-json\/wp\/v2\/comments?post=4673"}],"version-history":[{"count":5,"href":"https:\/\/gunnisonmentors.com\/es\/wp-json\/wp\/v2\/pages\/4673\/revisions"}],"predecessor-version":[{"id":5482,"href":"https:\/\/gunnisonmentors.com\/es\/wp-json\/wp\/v2\/pages\/4673\/revisions\/5482"}],"wp:attachment":[{"href":"https:\/\/gunnisonmentors.com\/es\/wp-json\/wp\/v2\/media?parent=4673"}],"curies":[{"name":"wp","href":"https:\/\/api.w.org\/{rel}","templated":true}]}}